{"id":593,"date":"2022-05-02T14:10:47","date_gmt":"2022-05-02T12:10:47","guid":{"rendered":"https:\/\/delitsdesejours.ch\/sobre-nosotros\/"},"modified":"2025-10-24T09:55:12","modified_gmt":"2025-10-24T07:55:12","slug":"sobre-nosotros","status":"publish","type":"page","link":"https:\/\/delitsdesejours.ch\/es\/sobre-nosotros\/","title":{"rendered":"Sobre nosotros"},"content":{"rendered":"\n<p>Dos tercios de la poblaci\u00f3n de Ginebra son de origen inmigrante. Esta realidad conforma la identidad de Ginebra. Sin embargo, cada d\u00eda, de camino al trabajo o a la escuela, miles de personas corren el riesgo de ser detenidas, encarceladas y, en \u00faltima instancia, expulsadas del pa\u00eds por su condici\u00f3n de residentes.  <\/p>\n\n<p>Personas de distintos or\u00edgenes, nacionalidades y procedencias, que viven en condiciones precarias y en el anonimato forzado. En la quinta ciudad m\u00e1s rica del mundo, la vivienda, el trabajo digno, la asistencia sanitaria, la educaci\u00f3n y el acceso a la justicia no est\u00e1n garantizados. Para muchos, estos derechos fundamentales siguen siendo privilegios inaccesibles.    <\/p>\n\n<p>A partir de 2019, como parte de la encuesta fotogr\u00e1fica de Ginebra, el proyecto D\u00e9lits de s\u00e9jours pretende dar voz y visibilidad a los conocidos como \u00abmigrantes indocumentados\u00bb, a quienes la ley obliga a vivir en la oscuridad, as\u00ed como a quienes comparten sus vidas.<\/p>\n\n<p>Si quieres compartir tu historia y participar en el proyecto, o si tienes informaci\u00f3n o enlaces que pueda ser \u00fatil incluir en el sitio, escribe a <a href=\"mailto:info@delitsdesejours.ch\">info@delitsdesejours.ch.<\/a> <br\/><\/p>\n\n<p><\/p>\n\n<p>EN ESTE MOMENTO<\/p>\n\n<p>Movilidades. Estudios fotogr\u00e1ficos de Ginebra <br\/><a href=\"https:\/\/www.centrephotogeneve.ch\/expo\/enquetes-photographiques-genevoises\/\" data-type=\"link\" data-id=\"https:\/\/www.centrephotogeneve.ch\/expo\/enquetes-photographiques-genevoises\/\">Centre de la Photographie Gen\u00e8ve<\/a> <br\/>31.10.2025 &#8211; 31.01.2026<\/p>\n\n<p>EXPOSICIONES ANTERIORES<\/p>\n\n<p><a href=\"http:\/\/cabaneb.ch\/cabaneb\/wp\/2022\/02\/14\/laurence-rasti\/\" data-type=\"URL\" data-id=\"http:\/\/cabaneb.ch\/cabaneb\/wp\/2022\/02\/14\/laurence-rasti\/\">Cabane B<\/a><br\/>Del 28.04.2022 -14.05.2022<\/p>\n\n<p><a href=\"https:\/\/bielerfototage.ch\/fr\/Exposition\/delits-de-sejours\/\" data-type=\"URL\" data-id=\"https:\/\/bielerfototage.ch\/fr\/Exposition\/delits-de-sejours\/\">Jornadas Fotogr\u00e1ficas de Biel<\/a><br\/>Del 6.05.2022 al 29.05.2022<\/p>\n\n<p>Exposici\u00f3n expuesta en Ginebra durante la Semana de los Derechos Humanos.<br\/>Del 30.11.2012 al 12.12.2021<br\/><a href=\"https:\/\/www.letemps.ch\/culture\/delits-sejours-une-exposition-montre-linvisibilite-geneve\" data-type=\"URL\" data-id=\"https:\/\/www.letemps.ch\/culture\/delits-sejours-une-exposition-montre-linvisibilite-geneve\">Art\u00edculo en Le Temps<\/a><\/p>\n\n<p>NO&#8217;PHOTO<br\/>Proyecci\u00f3n en Fonction Cinema &#8211; Maison des arts du Grutli <br\/>25.09.2021 &#8211; 26.09.2021  <\/p>\n\n<p><img loading=\"lazy\" decoding=\"async\" width=\"500\" height=\"400\" class=\"wp-image-211\" style=\"width: 500px;\" src=\"https:\/\/delitsdesejours.ch\/wp-content\/uploads\/2022\/05\/Expo_Delits_Sejours_Laurence_Rasti01.jpg\" alt=\"\" srcset=\"https:\/\/delitsdesejours.ch\/wp-content\/uploads\/2022\/05\/Expo_Delits_Sejours_Laurence_Rasti01.jpg 2000w, https:\/\/delitsdesejours.ch\/wp-content\/uploads\/2022\/05\/Expo_Delits_Sejours_Laurence_Rasti01-300x240.jpg 300w, https:\/\/delitsdesejours.ch\/wp-content\/uploads\/2022\/05\/Expo_Delits_Sejours_Laurence_Rasti01-1024x819.jpg 1024w, https:\/\/delitsdesejours.ch\/wp-content\/uploads\/2022\/05\/Expo_Delits_Sejours_Laurence_Rasti01-768x614.jpg 768w, https:\/\/delitsdesejours.ch\/wp-content\/uploads\/2022\/05\/Expo_Delits_Sejours_Laurence_Rasti01-1536x1229.jpg 1536w\" sizes=\"auto, (max-width: 500px) 100vw, 500px\" \/><\/p>\n\n<p><img loading=\"lazy\" decoding=\"async\" width=\"500\" height=\"400\" class=\"wp-image-222\" style=\"width: 500px;\" src=\"https:\/\/delitsdesejours.ch\/wp-content\/uploads\/2022\/05\/Expo_Delits_Sejours_Laurence_Rasti02.jpg\" alt=\"\" srcset=\"https:\/\/delitsdesejours.ch\/wp-content\/uploads\/2022\/05\/Expo_Delits_Sejours_Laurence_Rasti02.jpg 2000w, https:\/\/delitsdesejours.ch\/wp-content\/uploads\/2022\/05\/Expo_Delits_Sejours_Laurence_Rasti02-300x240.jpg 300w, https:\/\/delitsdesejours.ch\/wp-content\/uploads\/2022\/05\/Expo_Delits_Sejours_Laurence_Rasti02-1024x819.jpg 1024w, https:\/\/delitsdesejours.ch\/wp-content\/uploads\/2022\/05\/Expo_Delits_Sejours_Laurence_Rasti02-768x614.jpg 768w, https:\/\/delitsdesejours.ch\/wp-content\/uploads\/2022\/05\/Expo_Delits_Sejours_Laurence_Rasti02-1536x1229.jpg 1536w\" sizes=\"auto, (max-width: 500px) 100vw, 500px\" \/><\/p>\n\n<figure class=\"wp-block-image size-large is-resized\"><img loading=\"lazy\" decoding=\"async\" width=\"1024\" height=\"819\" src=\"https:\/\/delitsdesejours.ch\/wp-content\/uploads\/2025\/10\/DSC6990-1024x819.jpg\" alt=\"\" class=\"wp-image-385\" style=\"width:503px;height:auto\" srcset=\"https:\/\/delitsdesejours.ch\/wp-content\/uploads\/2025\/10\/DSC6990-1024x819.jpg 1024w, https:\/\/delitsdesejours.ch\/wp-content\/uploads\/2025\/10\/DSC6990-300x240.jpg 300w, https:\/\/delitsdesejours.ch\/wp-content\/uploads\/2025\/10\/DSC6990-768x614.jpg 768w, https:\/\/delitsdesejours.ch\/wp-content\/uploads\/2025\/10\/DSC6990-1536x1229.jpg 1536w, https:\/\/delitsdesejours.ch\/wp-content\/uploads\/2025\/10\/DSC6990-2048x1638.jpg 2048w\" sizes=\"auto, (max-width: 1024px) 100vw, 1024px\" \/><\/figure>\n\n<figure class=\"wp-block-image size-large is-resized\"><img loading=\"lazy\" decoding=\"async\" width=\"1024\" height=\"819\" src=\"https:\/\/delitsdesejours.ch\/wp-content\/uploads\/2025\/10\/DSC7105-1024x819.jpg\" alt=\"\" class=\"wp-image-386\" style=\"width:505px;height:auto\" srcset=\"https:\/\/delitsdesejours.ch\/wp-content\/uploads\/2025\/10\/DSC7105-1024x819.jpg 1024w, https:\/\/delitsdesejours.ch\/wp-content\/uploads\/2025\/10\/DSC7105-300x240.jpg 300w, https:\/\/delitsdesejours.ch\/wp-content\/uploads\/2025\/10\/DSC7105-768x614.jpg 768w, https:\/\/delitsdesejours.ch\/wp-content\/uploads\/2025\/10\/DSC7105-1536x1229.jpg 1536w, https:\/\/delitsdesejours.ch\/wp-content\/uploads\/2025\/10\/DSC7105-2048x1638.jpg 2048w\" sizes=\"auto, (max-width: 1024px) 100vw, 1024px\" \/><\/figure>\n\n<p><\/p>\n\n<p><\/p>\n\n<p><\/p>\n\n<p><\/p>\n\n<h4 class=\"wp-block-heading\">Im\u00e1genes y textos : <a href=\"https:\/\/laurencerasti.ch\/\" data-type=\"URL\" data-id=\"https:\/\/laurencerasti.ch\/\">Laurence Rasti<\/a><br\/>Dise\u00f1o gr\u00e1fico: Isma\u00ebl Abdallah y <a href=\"https:\/\/cecile-roger.com\/\" data-type=\"URL\" data-id=\"https:\/\/cecile-roger.com\/\">C\u00e9cile+Roger <\/a><br\/>Dise\u00f1o web: <a href=\"https:\/\/cecile-roger.com\/\" data-type=\"URL\" data-id=\"https:\/\/cecile-roger.com\/\">C\u00e9cile+Roger<\/a><br\/>Integraci\u00f3n de contenidos: Clara Marti<br\/>Proyecto realizado en el marco del<strong><a href=\"https:\/\/bge-geneve.ch\/iconographie\/galerie\/delits-de-sejour\" data-type=\"URL\" data-id=\"https:\/\/bge-geneve.ch\/iconographie\/galerie\/delits-de-sejour\">Estudio Fotogr\u00e1fico de la Ciudad de Ginebra 2019<\/a><\/strong><\/h4>\n\n<p><\/p>\n","protected":false},"excerpt":{"rendered":"<p>Dos tercios de la poblaci\u00f3n de Ginebra son de origen inmigrante. Esta realidad conforma la identidad de Ginebra. Sin embargo, cada d\u00eda, de camino al trabajo o a la escuela, miles de personas corren el riesgo de ser detenidas, encarceladas y, en \u00faltima instancia, expulsadas del pa\u00eds por su condici\u00f3n de residentes. Personas de distintos [&hellip;]<\/p>\n","protected":false},"author":1,"featured_media":0,"parent":0,"menu_order":0,"comment_status":"closed","ping_status":"closed","template":"","meta":{"footnotes":""},"class_list":["post-593","page","type-page","status-publish","hentry"],"_links":{"self":[{"href":"https:\/\/delitsdesejours.ch\/es\/wp-json\/wp\/v2\/pages\/593","targetHints":{"allow":["GET"]}}],"collection":[{"href":"https:\/\/delitsdesejours.ch\/es\/wp-json\/wp\/v2\/pages"}],"about":[{"href":"https:\/\/delitsdesejours.ch\/es\/wp-json\/wp\/v2\/types\/page"}],"author":[{"embeddable":true,"href":"https:\/\/delitsdesejours.ch\/es\/wp-json\/wp\/v2\/users\/1"}],"replies":[{"embeddable":true,"href":"https:\/\/delitsdesejours.ch\/es\/wp-json\/wp\/v2\/comments?post=593"}],"version-history":[{"count":1,"href":"https:\/\/delitsdesejours.ch\/es\/wp-json\/wp\/v2\/pages\/593\/revisions"}],"predecessor-version":[{"id":594,"href":"https:\/\/delitsdesejours.ch\/es\/wp-json\/wp\/v2\/pages\/593\/revisions\/594"}],"wp:attachment":[{"href":"https:\/\/delitsdesejours.ch\/es\/wp-json\/wp\/v2\/media?parent=593"}],"curies":[{"name":"wp","href":"https:\/\/api.w.org\/{rel}","templated":true}]}}